{"id":200,"date":"2017-09-25T10:15:59","date_gmt":"2017-09-25T08:15:59","guid":{"rendered":"http:\/\/siron.ch\/servizi-aziendali\/"},"modified":"2018-03-05T10:47:14","modified_gmt":"2018-03-05T09:47:14","slug":"services-aux-entreprises","status":"publish","type":"page","link":"https:\/\/siron.ch\/fr\/services-aux-entreprises\/","title":{"rendered":"Services aux entreprises"},"content":{"rendered":"<p>Prestations fiscales, l\u00e9gales et soci\u00e9taires<\/p>\n<p>Etablissement de d\u00e9clarations d\u2019imp\u00f4ts personnes physiques et morales, contr\u00f4le de l\u2019imposition, r\u00e9clamations et recours.<br \/>\nAssistance aupr\u00e8s des organes comp\u00e9tents en cas de r\u00e9vision et de contentious tributaire.<br \/>\nImposition forfaitaire pour clients \u00e9trangers.<br \/>\nFiscalit\u00e9 internationale, conventions de double imposition.<br \/>\nEvaluations et \u00e9tudes d\u2019intervention pour l\u2019optimisation de la charge fiscale de personnes physiques et morales.<br \/>\nPrise en charge de la repr\u00e9sentation fiscale dans le cadre de l\u2019imposition directe, indirecte et sp\u00e9ciale.<br \/>\nAssistance pour l\u2019obtention de permis de travail et de r\u00e9sidence.<br \/>\nAssistance pour la restructuration, l\u2019assainissement, les fusions, les liquidations de soci\u00e9t\u00e9s.<br \/>\nAssistance pour l\u2019acquisition ou la cession d\u2019activit\u00e9s.<\/p>\n<p>Services fiduciaires<\/p>\n<p>Tenue de comptabilit\u00e9 financiaire et analytique, organisation, enregistrements et cl\u00f4tures, comptes ordinaires et consolid\u00e9s.<br \/>\nTableaux de flux de tr\u00e9sorerie.<br \/>\nAnalyse des comptes annuels.<br \/>\nEtablissement de budgets, analyse des co\u00fbts.<br \/>\nAssistance administrative, comptable, commerciale et organisation g\u00e9n\u00e9rale.<br \/>\nConstitutions de soci\u00e9tes en Suisse et \u00e0 l\u2019\u00e9tranger.<br \/>\nAssistance administrative pour la constitution et la gestion de fondations de famille.<br \/>\nAssumer des mandats fiduciaires suisses et \u00e9trangers.<br \/>\nDomiciliations de soci\u00e9t\u00e9s, repr\u00e9sentations, mise \u00e0 disposition des organes soci\u00e9taires.<br \/>\nExpertises comptables et judiciaries.<\/p>\n<p>Services aux Entreprises<\/p>\n<p>R\u00e9visions de soci\u00e9t\u00e9s, personnes morales.<br \/>\nR\u00e9visions LRD.<br \/>\nEvaluation d\u2019entreprises, expertises.<\/p>\n","protected":false},"excerpt":{"rendered":"<p>Prestations fiscales, l\u00e9gales et soci\u00e9taires Etablissement de d\u00e9clarations d\u2019imp\u00f4ts personnes physiques et morales, contr\u00f4le de l\u2019imposition, r\u00e9clamations et recours. Assistance aupr\u00e8s des organes comp\u00e9tents en cas<span class=\"excerpt-hellip\"> [\u2026]<\/span><\/p>\n","protected":false},"author":4,"featured_media":0,"parent":0,"menu_order":0,"comment_status":"closed","ping_status":"closed","template":"","meta":[],"_links":{"self":[{"href":"https:\/\/siron.ch\/fr\/wp-json\/wp\/v2\/pages\/200"}],"collection":[{"href":"https:\/\/siron.ch\/fr\/wp-json\/wp\/v2\/pages"}],"about":[{"href":"https:\/\/siron.ch\/fr\/wp-json\/wp\/v2\/types\/page"}],"author":[{"embeddable":true,"href":"https:\/\/siron.ch\/fr\/wp-json\/wp\/v2\/users\/4"}],"replies":[{"embeddable":true,"href":"https:\/\/siron.ch\/fr\/wp-json\/wp\/v2\/comments?post=200"}],"version-history":[{"count":3,"href":"https:\/\/siron.ch\/fr\/wp-json\/wp\/v2\/pages\/200\/revisions"}],"predecessor-version":[{"id":232,"href":"https:\/\/siron.ch\/fr\/wp-json\/wp\/v2\/pages\/200\/revisions\/232"}],"wp:attachment":[{"href":"https:\/\/siron.ch\/fr\/wp-json\/wp\/v2\/media?parent=200"}],"curies":[{"name":"wp","href":"https:\/\/api.w.org\/{rel}","templated":true}]}}