{"id":194,"date":"2017-09-25T10:15:26","date_gmt":"2017-09-25T08:15:26","guid":{"rendered":"http:\/\/siron.ch\/profilo-aziendale\/"},"modified":"2018-03-05T11:22:38","modified_gmt":"2018-03-05T10:22:38","slug":"societes-du-groupe","status":"publish","type":"page","link":"https:\/\/siron.ch\/fr\/societes-du-groupe\/","title":{"rendered":"Soci\u00e9t\u00e9s du groupe"},"content":{"rendered":"<h2>Soci\u00e9t\u00e9s du groupe<\/h2>\n<p>En 2016, la soci\u00e9t\u00e9 s&rsquo;est jointe aux groupes <a href=\"http:\/\/guardiansa.com\/en\/index.html\" target=\"_blank\" rel=\"noopener\">Guardian SA<\/a> et <a href=\"http:\/\/english.bcolyon.com\/\" target=\"_blank\" rel=\"noopener\">BCO Lyon SA<\/a> et a ainsi amplement diversifi\u00e9 son offre, garantissant un service d&rsquo;excellence qui va de la consultance d&rsquo;affaires \u00e0 la consultance d&rsquo;actifs et s&rsquo;\u00e9tend \u00e9galement \u00e0 la r\u00e9gion de Lugano, Centre financier du Tessin.<\/p>\n<p>Siron se sert d&rsquo;un personnel qualifi\u00e9 et comp\u00e9tent capable d&rsquo;aider le client d&rsquo;une mani\u00e8re professionnelle et proactive. Sa longue exp\u00e9rience lui a permis d&rsquo;affiner la r\u00e9solution des diff\u00e9rents probl\u00e8mes avec comp\u00e9tence et concision.<\/p>\n<p>Gr\u00e2ce \u00e0 son syst\u00e8me d&rsquo;assurance de la qualit\u00e9 et \u00e0 la pr\u00e9sence d&rsquo;auditeurs qualifi\u00e9s qui assurent l&rsquo;ex\u00e9cution optimale de la t\u00e2che, Siron peut agir en tant qu&rsquo;auditeur corporatif.<\/p>\n","protected":false},"excerpt":{"rendered":"<p>Soci\u00e9t\u00e9s du groupe En 2016, la soci\u00e9t\u00e9 s&rsquo;est jointe aux groupes Guardian SA et BCO Lyon SA et a ainsi amplement diversifi\u00e9 son offre, garantissant un<span class=\"excerpt-hellip\"> [\u2026]<\/span><\/p>\n","protected":false},"author":4,"featured_media":0,"parent":0,"menu_order":0,"comment_status":"closed","ping_status":"closed","template":"","meta":[],"_links":{"self":[{"href":"https:\/\/siron.ch\/fr\/wp-json\/wp\/v2\/pages\/194"}],"collection":[{"href":"https:\/\/siron.ch\/fr\/wp-json\/wp\/v2\/pages"}],"about":[{"href":"https:\/\/siron.ch\/fr\/wp-json\/wp\/v2\/types\/page"}],"author":[{"embeddable":true,"href":"https:\/\/siron.ch\/fr\/wp-json\/wp\/v2\/users\/4"}],"replies":[{"embeddable":true,"href":"https:\/\/siron.ch\/fr\/wp-json\/wp\/v2\/comments?post=194"}],"version-history":[{"count":3,"href":"https:\/\/siron.ch\/fr\/wp-json\/wp\/v2\/pages\/194\/revisions"}],"predecessor-version":[{"id":262,"href":"https:\/\/siron.ch\/fr\/wp-json\/wp\/v2\/pages\/194\/revisions\/262"}],"wp:attachment":[{"href":"https:\/\/siron.ch\/fr\/wp-json\/wp\/v2\/media?parent=194"}],"curies":[{"name":"wp","href":"https:\/\/api.w.org\/{rel}","templated":true}]}}