{"id":168,"date":"2015-12-15T10:21:08","date_gmt":"2015-12-15T10:21:08","guid":{"rendered":"http:\/\/siron.ch\/home\/"},"modified":"2018-03-05T10:50:25","modified_gmt":"2018-03-05T09:50:25","slug":"assistance-societaire-et-fiscale","status":"publish","type":"page","link":"https:\/\/siron.ch\/fr\/","title":{"rendered":"Home"},"content":{"rendered":"<h2>Assistance soci\u00e9taire et fiscale<\/h2>\n<p>Fond\u00e9e en 1996, Siron s&rsquo;est imm\u00e9diatement implant\u00e9e dans le Bellinzonese, une r\u00e9gion strat\u00e9gique et facilement accessible qui repr\u00e9sente le c\u0153ur pulsant entre le Nord et le sud du canton du Tessin.<\/p>\n<p>Depuis sa fondation, Siron a pu r\u00e9pondre avec professionnalisme et ponctualit\u00e9 aux besoins de sa client\u00e8le, en offrant des conseils corporatifs et fiscaux aux entreprises.<\/p>\n<p>En 2016, la soci\u00e9t\u00e9 s&rsquo;est jointe aux groupes Guardian sa et BCO Lyon sa et a ainsi amplement diversifi\u00e9 son offre, garantissant un service d&rsquo;excellence qui va de la consultance d&rsquo;affaires \u00e0 la consultance d&rsquo;actifs et s&rsquo;\u00e9tend \u00e9galement \u00e0 la r\u00e9gion de Lugano, Centre financier du Tessin.<\/p>\n<p>Siron se sert d&rsquo;un personnel qualifi\u00e9 et comp\u00e9tent capable d&rsquo;aider le client d&rsquo;une mani\u00e8re professionnelle et proactive. Sa longue exp\u00e9rience lui a permis d&rsquo;affiner la r\u00e9solution des diff\u00e9rents probl\u00e8mes avec comp\u00e9tence et concision.<\/p>\n<p>Gr\u00e2ce \u00e0 son syst\u00e8me d&rsquo;assurance de la qualit\u00e9 et \u00e0 la pr\u00e9sence d&rsquo;auditeurs qualifi\u00e9s qui assurent l&rsquo;ex\u00e9cution optimale de la t\u00e2che, Siron peut agir en tant qu&rsquo;auditeur corporatif.<\/p>\n","protected":false},"excerpt":{"rendered":"<p>Assistance soci\u00e9taire et fiscale Fond\u00e9e en 1996, Siron s&rsquo;est imm\u00e9diatement implant\u00e9e dans le Bellinzonese, une r\u00e9gion strat\u00e9gique et facilement accessible qui repr\u00e9sente le c\u0153ur pulsant entre<span class=\"excerpt-hellip\"> [\u2026]<\/span><\/p>\n","protected":false},"author":4,"featured_media":0,"parent":0,"menu_order":0,"comment_status":"closed","ping_status":"closed","template":"","meta":[],"_links":{"self":[{"href":"https:\/\/siron.ch\/fr\/wp-json\/wp\/v2\/pages\/168"}],"collection":[{"href":"https:\/\/siron.ch\/fr\/wp-json\/wp\/v2\/pages"}],"about":[{"href":"https:\/\/siron.ch\/fr\/wp-json\/wp\/v2\/types\/page"}],"author":[{"embeddable":true,"href":"https:\/\/siron.ch\/fr\/wp-json\/wp\/v2\/users\/4"}],"replies":[{"embeddable":true,"href":"https:\/\/siron.ch\/fr\/wp-json\/wp\/v2\/comments?post=168"}],"version-history":[{"count":4,"href":"https:\/\/siron.ch\/fr\/wp-json\/wp\/v2\/pages\/168\/revisions"}],"predecessor-version":[{"id":240,"href":"https:\/\/siron.ch\/fr\/wp-json\/wp\/v2\/pages\/168\/revisions\/240"}],"wp:attachment":[{"href":"https:\/\/siron.ch\/fr\/wp-json\/wp\/v2\/media?parent=168"}],"curies":[{"name":"wp","href":"https:\/\/api.w.org\/{rel}","templated":true}]}}