{"id":201,"date":"2017-09-25T10:15:59","date_gmt":"2017-09-25T08:15:59","guid":{"rendered":"http:\/\/siron.ch\/servizi-aziendali\/"},"modified":"2018-03-05T10:44:33","modified_gmt":"2018-03-05T09:44:33","slug":"business-services","status":"publish","type":"page","link":"https:\/\/siron.ch\/de\/business-services\/","title":{"rendered":"Business Services"},"content":{"rendered":"<p>Beratungen in Steuerrecht, Gesch\u00e4ftsrecht<\/p>\n<p>Steuerberatung f\u00fcr Privat- und Gesch\u00e4ftskunden, Vertretung und Begleitung bei den zust\u00e4ndigen Beh\u00f6rden sowie bei Steuerpr\u00fcfungen.<\/p>\n<p>Verm\u00f6gensberatung f\u00fcr Privatpersonen.<\/p>\n<p>Beratung bei Bewilligung f\u00fcr Arbeits- und Niederlassung.<\/p>\n<p>Beratung und Beistand im Bereich nationales und internationales Finanzwesen.<\/p>\n<p>Beratung zur Kostenoptimierung im Gesch\u00e4ftsbereich.<\/p>\n<p>Beratung bei gesch\u00e4ftlicher Umstrukturierung, Sanierung, Fusion, Aufl\u00f6sung, Umzug.<\/p>\n<p>Beratung bei Aufnahme oder Aufl\u00f6sung gesch\u00e4ftlicher Aktivit\u00e4ten.<\/p>\n<p>Beratung bei der Anwendung des Gesetzes gegen die Doppelbesteuerung.<\/p>\n<p>Pr\u00fcfung und Ausarbeitung verschiedener M\u00f6glichkeiten zur Optimierung der finanziellen Belastung von Privat- und Gesch\u00e4ftspersonen.<\/p>\n<p>\u00dcbernahme finanzieller Vertretung im Bereich direkter-, indirekter-, Spezialsteuern usw.<\/p>\n<p>Treuhand Angebote<\/p>\n<p>F\u00fchrung der Finanzbuchhaltung, ordentlicher- und konsolidierter Jahreskonten.<\/p>\n<p>Erstellung von Lohnkonten, komplett mit Sozialabgaben, Quellensteuer usw.<\/p>\n<p>F\u00fchrung Abrechnung IVA.<\/p>\n<p>Verwaltung und Sekretariat schweizerischer und ausl\u00e4ndischer Unternehmungen.<\/p>\n<p>Beratungen administrativer, buchhalterischer und gesch\u00e4ftlicher Art.<\/p>\n<p>Aufbau und Unterhalt von Kapitalgenossenschaften in der Schweiz und im Ausland.<\/p>\n<p>Beratung zum Aufbau und zur F\u00fchrung von Familienstiftungen.<\/p>\n<p>Stellvertretende Gr\u00fcndung und \u00dcbernahme von Treuhandmandaten im In- und Ausland.<\/p>\n<p>Gesch\u00e4ftliche Niederlassungen, Vertretungen, Zurverf\u00fcgungstellung gesch\u00e4ftlicher Organe<\/p>\n<p>Firmenberatungen<\/p>\n<p>Revisionen von Kapitalgesellschaften.<\/p>\n<p>Revisionen von LRD.<\/p>\n<p>Bewertungen von Firmen.<\/p>\n","protected":false},"excerpt":{"rendered":"<p>Beratungen in Steuerrecht, Gesch\u00e4ftsrecht Steuerberatung f\u00fcr Privat- und Gesch\u00e4ftskunden, Vertretung und Begleitung bei den zust\u00e4ndigen Beh\u00f6rden sowie bei Steuerpr\u00fcfungen. Verm\u00f6gensberatung f\u00fcr Privatpersonen. Beratung bei Bewilligung f\u00fcr<span class=\"excerpt-hellip\"> [\u2026]<\/span><\/p>\n","protected":false},"author":4,"featured_media":0,"parent":0,"menu_order":0,"comment_status":"closed","ping_status":"closed","template":"","meta":[],"_links":{"self":[{"href":"https:\/\/siron.ch\/de\/wp-json\/wp\/v2\/pages\/201"}],"collection":[{"href":"https:\/\/siron.ch\/de\/wp-json\/wp\/v2\/pages"}],"about":[{"href":"https:\/\/siron.ch\/de\/wp-json\/wp\/v2\/types\/page"}],"author":[{"embeddable":true,"href":"https:\/\/siron.ch\/de\/wp-json\/wp\/v2\/users\/4"}],"replies":[{"embeddable":true,"href":"https:\/\/siron.ch\/de\/wp-json\/wp\/v2\/comments?post=201"}],"version-history":[{"count":3,"href":"https:\/\/siron.ch\/de\/wp-json\/wp\/v2\/pages\/201\/revisions"}],"predecessor-version":[{"id":234,"href":"https:\/\/siron.ch\/de\/wp-json\/wp\/v2\/pages\/201\/revisions\/234"}],"wp:attachment":[{"href":"https:\/\/siron.ch\/de\/wp-json\/wp\/v2\/media?parent=201"}],"curies":[{"name":"wp","href":"https:\/\/api.w.org\/{rel}","templated":true}]}}