{"id":198,"date":"2015-12-16T11:46:03","date_gmt":"2015-12-16T11:46:03","guid":{"rendered":"http:\/\/siron.ch\/contact\/"},"modified":"2025-08-22T11:28:42","modified_gmt":"2025-08-22T09:28:42","slug":"kontakt","status":"publish","type":"page","link":"https:\/\/siron.ch\/de\/kontakt\/","title":{"rendered":"Kontakte"},"content":{"rendered":"<p>F\u00fcr Informationen, f\u00fcr den direkten Kontakt mit unserem B\u00fcro bitte das unten stehende Formular benutzen, oder eine e-mail senden an info@siron.ch<\/p>\n<p>Sie k\u00f6nnen uns auch erreichen \u00fcber die folgenden Nummern:<\/p>\n","protected":false},"excerpt":{"rendered":"<p>F\u00fcr Informationen, f\u00fcr den direkten Kontakt mit unserem B\u00fcro bitte das unten stehende Formular benutzen, oder eine e-mail senden an info@siron.ch Sie k\u00f6nnen uns auch erreichen<span class=\"excerpt-hellip\"> [\u2026]<\/span><\/p>\n","protected":false},"author":4,"featured_media":0,"parent":0,"menu_order":0,"comment_status":"closed","ping_status":"closed","template":"","meta":[],"_links":{"self":[{"href":"https:\/\/siron.ch\/de\/wp-json\/wp\/v2\/pages\/198"}],"collection":[{"href":"https:\/\/siron.ch\/de\/wp-json\/wp\/v2\/pages"}],"about":[{"href":"https:\/\/siron.ch\/de\/wp-json\/wp\/v2\/types\/page"}],"author":[{"embeddable":true,"href":"https:\/\/siron.ch\/de\/wp-json\/wp\/v2\/users\/4"}],"replies":[{"embeddable":true,"href":"https:\/\/siron.ch\/de\/wp-json\/wp\/v2\/comments?post=198"}],"version-history":[{"count":3,"href":"https:\/\/siron.ch\/de\/wp-json\/wp\/v2\/pages\/198\/revisions"}],"predecessor-version":[{"id":218,"href":"https:\/\/siron.ch\/de\/wp-json\/wp\/v2\/pages\/198\/revisions\/218"}],"wp:attachment":[{"href":"https:\/\/siron.ch\/de\/wp-json\/wp\/v2\/media?parent=198"}],"curies":[{"name":"wp","href":"https:\/\/api.w.org\/{rel}","templated":true}]}}