{"id":195,"date":"2017-09-25T10:15:26","date_gmt":"2017-09-25T08:15:26","guid":{"rendered":"http:\/\/siron.ch\/profilo-aziendale\/"},"modified":"2018-03-05T11:23:52","modified_gmt":"2018-03-05T10:23:52","slug":"geschaeftsprofil","status":"publish","type":"page","link":"https:\/\/siron.ch\/de\/geschaeftsprofil\/","title":{"rendered":"Konzerngesellschaften"},"content":{"rendered":"<h2>Konzerngesellschaften<\/h2>\n<p>2016 ist das Unternehmen der <a href=\"http:\/\/guardiansa.com\/en\/index.html\" target=\"_blank\" rel=\"noopener\">Guardian SA<\/a> und <a href=\"http:\/\/english.bcolyon.com\/\" target=\"_blank\" rel=\"noopener\">BCO Lyon SA<\/a> Group beigetreten und hat damit sein Angebot gro\u00dfz\u00fcgig diversifiziert und garantiert einen Exzellenz Service, der von der Unternehmensberatung bis zur Verm\u00f6gensberatung reicht und sich auch auf die Region Lugano, den Finanzplatz Tessin.<\/p>\n<p>Siron bedient sich qualifizierter und qualifizierter Mitarbeiter, die den Kunden professionell und proaktiv unterst\u00fctzen k\u00f6nnen. Seine langj\u00e4hrige Erfahrung hat es ihm erm\u00f6glicht, die L\u00f6sung der verschiedenen Probleme mit Kompetenz und Pr\u00e4gnanz zu verfeinern.<\/p>\n<p>Durch sein System der Qualit\u00e4tssicherung und das vorhanden sein von qualifizierten Auditoren, die die optimale Ausf\u00fchrung der Aufgabe sicherstellen, kann Siron als Corporate Auditor fungieren.<\/p>\n","protected":false},"excerpt":{"rendered":"<p>Konzerngesellschaften 2016 ist das Unternehmen der Guardian SA und BCO Lyon SA Group beigetreten und hat damit sein Angebot gro\u00dfz\u00fcgig diversifiziert und garantiert einen Exzellenz Service,<span class=\"excerpt-hellip\"> [\u2026]<\/span><\/p>\n","protected":false},"author":4,"featured_media":0,"parent":0,"menu_order":0,"comment_status":"closed","ping_status":"closed","template":"","meta":[],"_links":{"self":[{"href":"https:\/\/siron.ch\/de\/wp-json\/wp\/v2\/pages\/195"}],"collection":[{"href":"https:\/\/siron.ch\/de\/wp-json\/wp\/v2\/pages"}],"about":[{"href":"https:\/\/siron.ch\/de\/wp-json\/wp\/v2\/types\/page"}],"author":[{"embeddable":true,"href":"https:\/\/siron.ch\/de\/wp-json\/wp\/v2\/users\/4"}],"replies":[{"embeddable":true,"href":"https:\/\/siron.ch\/de\/wp-json\/wp\/v2\/comments?post=195"}],"version-history":[{"count":3,"href":"https:\/\/siron.ch\/de\/wp-json\/wp\/v2\/pages\/195\/revisions"}],"predecessor-version":[{"id":261,"href":"https:\/\/siron.ch\/de\/wp-json\/wp\/v2\/pages\/195\/revisions\/261"}],"wp:attachment":[{"href":"https:\/\/siron.ch\/de\/wp-json\/wp\/v2\/media?parent=195"}],"curies":[{"name":"wp","href":"https:\/\/api.w.org\/{rel}","templated":true}]}}