{"id":169,"date":"2015-12-15T10:21:08","date_gmt":"2015-12-15T10:21:08","guid":{"rendered":"http:\/\/siron.ch\/home\/"},"modified":"2018-03-05T10:51:49","modified_gmt":"2018-03-05T09:51:49","slug":"geschaefts-und-steuerrechtliche-beratungen","status":"publish","type":"page","link":"https:\/\/siron.ch\/de\/","title":{"rendered":"Home"},"content":{"rendered":"<h2>Gesch\u00e4fts- und steuerrechtliche Beratungen<\/h2>\n<p>Gegr\u00fcndet in 1996, hat sich Siron sofort in der Bellinzonese, einer strategisch und leicht zug\u00e4nglichen Region, die das pulsierende Herz zwischen dem Norden und dem S\u00fcden des Kantons Tessin repr\u00e4sentiert, etabliert.<\/p>\n<p>Seit seiner Gr\u00fcndung hat Siron in der Lage, mit Professionalit\u00e4t und P\u00fcnktlichkeit auf die Bed\u00fcrfnisse seiner Kundschaft zu reagieren, bietet Unternehmens-und Steuerberatung f\u00fcr Firmen und Privatpersonen.<\/p>\n<p>2016 ist das Unternehmen der Guardian SA und BCO Lyon SA Group beigetreten und hat damit sein Angebot gro\u00dfz\u00fcgig diversifiziert und garantiert einen Exzellenz Service, der von der Unternehmensberatung bis zur Verm\u00f6gensberatung reicht und sich auch auf die Region Lugano, den Finanzplatz Tessin.<\/p>\n<p>Siron bedient sich qualifizierter und qualifizierter Mitarbeiter, die den Kunden professionell und proaktiv unterst\u00fctzen k\u00f6nnen. Seine langj\u00e4hrige Erfahrung hat es ihm erm\u00f6glicht, die L\u00f6sung der verschiedenen Probleme mit Kompetenz und Pr\u00e4gnanz zu verfeinern.<\/p>\n<p>Durch sein System der Qualit\u00e4tssicherung und das vorhanden sein von qualifizierten Auditoren, die die optimale Ausf\u00fchrung der Aufgabe sicherstellen, kann Siron als Corporate Auditor fungieren.<\/p>\n","protected":false},"excerpt":{"rendered":"<p>Gesch\u00e4fts- und steuerrechtliche Beratungen Gegr\u00fcndet in 1996, hat sich Siron sofort in der Bellinzonese, einer strategisch und leicht zug\u00e4nglichen Region, die das pulsierende Herz zwischen dem<span class=\"excerpt-hellip\"> [\u2026]<\/span><\/p>\n","protected":false},"author":4,"featured_media":0,"parent":0,"menu_order":0,"comment_status":"closed","ping_status":"closed","template":"","meta":[],"_links":{"self":[{"href":"https:\/\/siron.ch\/de\/wp-json\/wp\/v2\/pages\/169"}],"collection":[{"href":"https:\/\/siron.ch\/de\/wp-json\/wp\/v2\/pages"}],"about":[{"href":"https:\/\/siron.ch\/de\/wp-json\/wp\/v2\/types\/page"}],"author":[{"embeddable":true,"href":"https:\/\/siron.ch\/de\/wp-json\/wp\/v2\/users\/4"}],"replies":[{"embeddable":true,"href":"https:\/\/siron.ch\/de\/wp-json\/wp\/v2\/comments?post=169"}],"version-history":[{"count":4,"href":"https:\/\/siron.ch\/de\/wp-json\/wp\/v2\/pages\/169\/revisions"}],"predecessor-version":[{"id":242,"href":"https:\/\/siron.ch\/de\/wp-json\/wp\/v2\/pages\/169\/revisions\/242"}],"wp:attachment":[{"href":"https:\/\/siron.ch\/de\/wp-json\/wp\/v2\/media?parent=169"}],"curies":[{"name":"wp","href":"https:\/\/api.w.org\/{rel}","templated":true}]}}